{"id":1007,"date":"2004-04-11T04:50:00","date_gmt":"2004-04-11T08:50:00","guid":{"rendered":"https:\/\/www.acaoverde.org.br\/?page_id=1007"},"modified":"2023-01-11T04:54:35","modified_gmt":"2023-01-11T08:54:35","slug":"lvbet-nepszeru-jatekklub","status":"publish","type":"page","link":"https:\/\/acaoverde.org.br\/en\/lvbet-nepszeru-jatekklub\/","title":{"rendered":"LVBET \u2013 N\u00e9pszer\u0171 alreadyt\u00e9kklub"},"content":{"rendered":"<h2>J\u00e1t\u00e9kkatal\u00f3gus online kaszin\u00f3 lvbet<\/h2>\n<p>Az LVBET Game Service -nek egy kiv\u00e1lts\u00e1gos oldala van, videohelyekkel. Itt tal\u00e1lhat ny\u00edl\u00e1sg\u00e9peket az oper\u00e1torokkal, teh\u00e1t ha van kedvenc m\u00e1rk\u00e1ja, akkor k\u00f6nny\u0171 lesz megszerezni az \u00f6sszes r\u00e9sid\u0151t, amelyet az LVBET k\u00edn\u00e1l \u00d6nnek. Az LVBET Club olyan tal\u00e1l\u00e9konys\u00e1g\u00fa \u00e9s teljes figyelmeztet\u00e9si t\u00e9m\u00e1kkal rendelkezik, amelyek kieg\u00e9sz\u00edt\u0151 funkci\u00f3kb\u00f3l, meglehet\u0151sen sz\u00e9p sablonb\u00f3l \u00e9s a legmodernebb \u00e9s legizgalmasabb grafik\u00e1kb\u00f3l \u00e1llnak, amelyeket ma megtal\u00e1lhat.<\/p>\n<p>Az LVBET tarsasj\u00e1t\u00e9kok helye:<br \/>\n\u2013 Rulett,<br \/>\n\u2013 blackjack,<br \/>\n\u2013 Baccarat,<br \/>\n\u2013 Video lej\u00e1tsz\u00f3.<\/p>\n<p>Nyugodtan kattintson ezekben a kateg\u00f3ri\u00e1kban, hogy t\u00f6bb es\u00e9lyt biztos\u00edtson mag\u00e1nak a gy\u0151zelemre. Ha ink\u00e1bb a sors\u00e1t oldja meg, v\u00e1lassza ki a szerencsej\u00e1t\u00e9k egyik ilyen m\u00f3dszer\u00e9t.<\/p>\n<p>Az LVBET weboldal \u00e9l\u0151 kaszin\u00f3 blokkja az Evolution Gaming Software-b\u0151l \u00e1ll, amely a val\u00f3s idej\u0171 fogad\u00e1sok egyik vezet\u0151 v\u00e1llalata. Teljesen meg\u00e9rtheti, hogy a legjobb szolg\u00e1ltat\u00e1st kapja n\u00e9h\u00e1ny keresked\u0151t\u0151l, amelyek \u00e1ltal\u00e1ban nagyon felk\u00e9sz\u00fclnek. El\u00e9g gyorsan reag\u00e1lnak a javaslatok magas sz\u00ednvonal\u00e1ra a fogad\u00e1sokon. A kaszin\u00f3ban J\u00e1tszhatsz Baccarat \u00faj \u00e9vet, rulettet \u00e9s alternat\u00edv J\u00e1t\u00e9kot. Az Online Bracjack \u00e9l\u00e9se k\u00fcl\u00f6nf\u00e9le asztalokon is el\u00e9rhet\u0151.<br \/>\nB\u00e1rmely klub egyik kulcsfontoss\u00e1g\u00fa eleme a megfizethet\u0151 \u00fcgyf\u00e9lszolg\u00e1lati lehet\u0151s\u00e9gekhez kapcsol\u00f3dik. Mindenekel\u0151tt a kaszin\u00f3 LVBET -ben egy informat\u00edv szakasz tal\u00e1lhat\u00f3 a GYIK -r\u00f3l, amelyhez aj\u00e1t\u00e9kosok b\u00e1rmely oldal alj\u00e1n tal\u00e1lhat\u00f3 gombot kaphatnak. A keres\u00e9si funkci\u00f3t is l\u00e1thatja, hogy megtal\u00e1lja az \u00e9rdekl\u0151d\u0151 k\u00e9rd\u00e9st, vagy megtekintheti a Keres\u00e9si panelen el\u00e9rhet\u0151 kateg\u00f3ri\u00e1kat. V\u00e1laszokat fog tal\u00e1lni a leggyakoribb k\u00e9rd\u00e9sekre, amelyek a p\u00e9nzb\u0151l val\u00f3 kivon\u00e1shoz kapcsol\u00f3dnak a kaszin\u00f3b\u00f3l, a b\u00f3nuszokb\u00f3l \u00e9s m\u00e9g a felel\u0151s J\u00e1t\u00e9kb\u00f3l is.<br \/>\n<img src=\"https:\/\/static0.thegamerimages.com\/wordpress\/wp-content\/uploads\/2021\/01\/Slotomania-1.jpg\" alt=\"https:\/\/static0.thegamerimages.com\/wordpress\/wp-content\/uploads\/2021\/01\/Slotomania-1.jpg\" \/><\/p>\n<p>Ha nem l\u00e1tja a v\u00e1laszt a k\u00e9rd\u00e9sre, akkor haszn\u00e1lhatja:<br \/>\n\u2013 Az \u00e9l\u0151 cseveg\u00e9s funkci\u00f3ja,<br \/>\n\u2013 Email cim.<\/p>\n<p>Ezek a szolg\u00e1ltat\u00e1sok a nap 24 \u00f3r\u00e1j\u00e1ban, a h\u00e9t 7 napj\u00e1n el\u00e9rhet\u0151ek, \u00e9s val\u00f3ban hozz\u00e1f\u00e9r\u00e9st kapnak a tan\u00fas\u00edtv\u00e1nyon vagy a tov\u00e1bbi ablakokon kereszt\u00fcl. Azt is el kell mondanom, hogy a szolg\u00e1ltat\u00f3 vezet\u0151k bar\u00e1ts\u00e1gosak, hat\u00e9konyak \u00e9s profiak.<\/p>\n<h2>LVBET \u2013 N\u00e9pszer\u0171 alreadyt\u00e9kklub, Mega p\u00e9nzd\u00edjak!<\/h2>\n<p>A k\u00fcl\u00f6nb\u00f6z\u0151 J\u00e1t\u00e9kok rajong\u00f3i lehet\u0151s\u00e9get kapnak arra, hogy kipr\u00f3b\u00e1lj\u00e1k a kez\u00fcket a <a href=\"http:\/\/www.katonabarbara.hu\/\">Internet kaszin\u00f3 LVBET hu magyar<\/a> -ban, egy szerencsej\u00e1t\u00e9k -platformon, amely szremos vezet\u0151 szerencsej\u00e1t\u00e9kot, b\u00f3nuszokat, prom\u00f3ci\u00f3s prom\u00f3ci\u00f3kat, exkluz\u00edv versenyeket \u00e9s sok m\u00e1s el\u0151nyt k\u00edn\u00e1l sz\u00e1mukra.<\/p>\n<h2>A fi\u00f3k l\u00e9trehoz\u00e1s\u00e1nak elj\u00e1r\u00e1sa az LVBET Game Service -ben<\/h2>\n<p>Azok a l\u00e1togat\u00f3k, akik regisztr\u00e1lni akarnak ebben a klubban, ezt megtehetik, ha 3 szakaszban t\u00f6ltik ki a regisztr\u00e1ci\u00f3s men\u00fct (fi\u00f3kadatok, szem\u00e9lyes adatok \u00e9s meger\u0151s\u00edt\u00e9s). Javasoljuk azt is, hogy meger\u0151s\u00edtse a fi\u00f3kj\u00e1t annak \u00e9rdek\u00e9ben, hogy a limitet az egyes bet\u00e9ti \u00e9s visszavon\u00e1si m\u00f3dszerekhez elk\u00fcl\u00f6n\u00edtett maxim\u00e1lis \u00f6sszegre n\u00f6velje. A k\u00e9rd\u0151\u00edv gyorsan kit\u00f6lt\u00f6tt, a v\u00e9g\u00e9n fontos meger\u0151s\u00edteni a levelet. A k\u00e9rt inform\u00e1ci\u00f3k m\u00e1r ismertek, \u00e9s b\u00e1rmilyen J\u00e1t\u00e9kszolg\u00e1ltat\u00e1shoz sz\u00fcks\u00e9ges a J\u00e1t\u00e9khoz (n\u00e9v, vezet\u00e9kn\u00e9v, regisztr\u00e1ci\u00f3 helye, mobilsz\u00e1m, e-mail c\u00edm stb.).<\/p>\n<p>A regisztr\u00e1ci\u00f3s folyamat befejez\u00e9se \u00e9s a fi\u00f3k meger\u0151s\u00edt\u00e9se ut\u00e1n k\u00e9rhet egy \u00fcdv\u00f6zl\u0151 csomagot. A bonusz t\u00f6bb bet\u00e9tre oszlik, mir\u0151l besz\u00e9l\u00fcnk:<br \/>\n\u2013 Az els\u0151 2 ar\u00e1ny, a + 120 FS \u00f6sszeg 100% -a egyens\u00falyba dobva;<br \/>\n\u2013 A 3 bet\u00e9t 100 FS -t k\u00edn\u00e1l, amelyek a port\u00e1l minden J\u00e1t\u00e9k\u00e1ban m\u0171k\u00f6dnek.<\/p>\n<p>Hangs\u00falyozni kell, hogy a Lvbet Huj\u00e1t\u00e9kint\u00e9zm\u00e9nyben hasonl\u00f3 prom\u00f3ci\u00f3k vannak, mint p\u00e9ld\u00e1ul a nyerem\u00e9nyd\u00edjak, mind a videoklotok kateg\u00f3ri\u00e1j\u00e1ra, mind az \u00e9l\u0151 kaszin\u00f3 megoszt\u00e1s\u00e1ra. Bizonyos helyzetekben fontos bet\u00e9tet tenni, a t\u00f6bbi r\u00e9szben aj\u00e1t\u00e9khoz val\u00f3 hozz\u00e1f\u00e9r\u00e9s csak megnyitja az utat a k\u00fcl\u00f6nf\u00e9le d\u00edjakhoz.<\/p>","protected":false},"excerpt":{"rendered":"<p>J\u00e1t\u00e9kkatal\u00f3gus online kaszin\u00f3 lvbet Az LVBET Game Service -nek egy kiv\u00e1lts\u00e1gos oldala van, videohelyekkel. Itt tal\u00e1lhat ny\u00edl\u00e1sg\u00e9peket az oper\u00e1torokkal, teh\u00e1t ha van kedvenc m\u00e1rk\u00e1ja, akkor k\u00f6nny\u0171 lesz megszerezni az \u00f6sszes r\u00e9sid\u0151t, amelyet az LVBET k\u00edn\u00e1l \u00d6nnek. Az LVBET Club olyan tal\u00e1l\u00e9konys\u00e1g\u00fa \u00e9s teljes figyelmeztet\u00e9si t\u00e9m\u00e1kkal rendelkezik, amelyek kieg\u00e9sz\u00edt\u0151 funkci\u00f3kb\u00f3l, meglehet\u0151sen sz\u00e9p sablonb\u00f3l \u00e9s a legmodernebb \u00e9s legizgalmasabb grafik\u00e1kb\u00f3l \u00e1llnak, amelyeket ma megtal\u00e1lhat. Az LVBET tarsasj\u00e1t\u00e9kok helye: \u2013 Rulett, \u2013 blackjack, \u2013 Baccarat, \u2013 Vide\u00f3 lej\u00e1tsz\u00f3. Nyugodtan kattintson ezekben a kateg\u00f3ri\u00e1kban, hogy t\u00f6bb es\u00e9lyt biztos\u00edtson mag\u00e1nak a gy\u0151zelemre. Ha ink\u00e1bb a sors\u00e1t oldja meg,v\u00e1lassza ki a szerencsej\u00e1t\u00e9k egyik ilyen m\u00f3dszer\u00e9t.\u2026<\/p>","protected":false},"author":2,"featured_media":0,"parent":0,"menu_order":0,"comment_status":"closed","ping_status":"closed","template":"","meta":[],"blocksy_meta":{"styles_descriptor":{"styles":{"desktop":"","tablet":"","mobile":""},"google_fonts":[],"version":5}},"_links":{"self":[{"href":"https:\/\/acaoverde.org.br\/en\/wp-json\/wp\/v2\/pages\/1007"}],"collection":[{"href":"https:\/\/acaoverde.org.br\/en\/wp-json\/wp\/v2\/pages"}],"about":[{"href":"https:\/\/acaoverde.org.br\/en\/wp-json\/wp\/v2\/types\/page"}],"author":[{"embeddable":true,"href":"https:\/\/acaoverde.org.br\/en\/wp-json\/wp\/v2\/users\/2"}],"replies":[{"embeddable":true,"href":"https:\/\/acaoverde.org.br\/en\/wp-json\/wp\/v2\/comments?post=1007"}],"version-history":[{"count":1,"href":"https:\/\/acaoverde.org.br\/en\/wp-json\/wp\/v2\/pages\/1007\/revisions"}],"predecessor-version":[{"id":1008,"href":"https:\/\/acaoverde.org.br\/en\/wp-json\/wp\/v2\/pages\/1007\/revisions\/1008"}],"wp:attachment":[{"href":"https:\/\/acaoverde.org.br\/en\/wp-json\/wp\/v2\/media?parent=1007"}],"curies":[{"name":"wp","href":"https:\/\/api.w.org\/{rel}","templated":true}]}}